{"id":13,"date":"2025-06-12T10:38:31","date_gmt":"2025-06-12T08:38:31","guid":{"rendered":"http:\/\/teamh.fr\/?page_id=13"},"modified":"2025-06-12T14:12:26","modified_gmt":"2025-06-12T12:12:26","slug":"accueil","status":"publish","type":"page","link":"https:\/\/teamh.fr\/","title":{"rendered":"Accueil"},"content":{"rendered":"\n<p>Bienvenue sur ta cha\u00eene!<\/p>\n\n\n\n<p>Epicentre du gaming o\u00f9 chaque session se transforme en aventure m\u00e9morable ! Ici, tu plonges dans un univers riche en lives interactifs, vid\u00e9os mont\u00e9es et YouTube Shorts percutants qui capturent l\u2019essence du jeu vid\u00e9o. Que tu sois fan de jeux d\u2019action, de strat\u00e9gie ou de d\u00e9fis in\u00e9dits, pr\u00e9pare toi \u00e0 vivre des moments intenses sur des titres incontournables comme Brawl Stars, Fortnite, Roblox , Phasmophobia, Valorant, et bien d\u2019autres. Au-del\u00e0 des sessions en direct, d\u00e9couvre des compilations de fails hilarants, des jump scares surprenants et des gameplay \u00e9piques, le tout pour te garantir du fun et des sensations fortes. Rejoins notre communaut\u00e9 dynamique pour partager ta passion, rigoler ensemble et t\u2019immerger dans l\u2019univers du gaming. Abonne-toi et deviens acteur de cette aventure qui ne demande qu\u2019\u00e0 t\u2019embarquer !<\/p>\n\n\n\n<p><\/p>\n","protected":false},"excerpt":{"rendered":"<p>Bienvenue sur ta cha\u00eene! Epicentre du gaming o\u00f9 chaque session se transforme en aventure m\u00e9morable ! Ici, tu plonges dans un univers riche en lives interactifs, vid\u00e9os mont\u00e9es et YouTube Shorts percutants qui capturent l\u2019essence du jeu vid\u00e9o. Que tu sois fan de jeux d\u2019action, de strat\u00e9gie ou de d\u00e9fis in\u00e9dits, pr\u00e9pare toi \u00e0 vivre &hellip; <\/p>\n<p class=\"link-more\"><a href=\"https:\/\/teamh.fr\/\" class=\"more-link\">Continuer la lecture<span class=\"screen-reader-text\"> de &laquo;&nbsp;Accueil&nbsp;&raquo;<\/span><\/a><\/p>\n","protected":false},"author":1,"featured_media":0,"parent":0,"menu_order":0,"comment_status":"closed","ping_status":"closed","template":"","meta":{"footnotes":""},"class_list":["post-13","page","type-page","status-publish","hentry"],"_links":{"self":[{"href":"https:\/\/teamh.fr\/index.php?rest_route=\/wp\/v2\/pages\/13","targetHints":{"allow":["GET"]}}],"collection":[{"href":"https:\/\/teamh.fr\/index.php?rest_route=\/wp\/v2\/pages"}],"about":[{"href":"https:\/\/teamh.fr\/index.php?rest_route=\/wp\/v2\/types\/page"}],"author":[{"embeddable":true,"href":"https:\/\/teamh.fr\/index.php?rest_route=\/wp\/v2\/users\/1"}],"replies":[{"embeddable":true,"href":"https:\/\/teamh.fr\/index.php?rest_route=%2Fwp%2Fv2%2Fcomments&post=13"}],"version-history":[{"count":5,"href":"https:\/\/teamh.fr\/index.php?rest_route=\/wp\/v2\/pages\/13\/revisions"}],"predecessor-version":[{"id":101,"href":"https:\/\/teamh.fr\/index.php?rest_route=\/wp\/v2\/pages\/13\/revisions\/101"}],"wp:attachment":[{"href":"https:\/\/teamh.fr\/index.php?rest_route=%2Fwp%2Fv2%2Fmedia&parent=13"}],"curies":[{"name":"wp","href":"https:\/\/api.w.org\/{rel}","templated":true}]}}